{"id":255,"date":"2020-09-01T19:30:05","date_gmt":"2020-09-01T17:30:05","guid":{"rendered":"http:\/\/physiguide.com\/?page_id=255"},"modified":"2025-12-30T12:36:49","modified_gmt":"2025-12-30T11:36:49","slug":"accueil","status":"publish","type":"page","link":"https:\/\/physiguide.com\/index.php\/homepage\/accueil\/","title":{"rendered":"Accueil"},"content":{"rendered":"","protected":true},"excerpt":{"rendered":"","protected":true},"author":2,"featured_media":0,"parent":699,"menu_order":0,"comment_status":"closed","ping_status":"closed","template":"page-template-blank.php","meta":{"_et_pb_use_builder":"on","_et_pb_old_content":"","_et_gb_content_width":"","footnotes":""},"class_list":["post-255","page","type-page","status-publish","post-password-required","hentry"],"yoast_head":"<!-- This site is optimized with the Yoast SEO plugin v22.3 - https:\/\/yoast.com\/wordpress\/plugins\/seo\/ -->\n<title>Accueil - Physiguide<\/title>\n<meta name=\"robots\" content=\"index, follow, max-snippet:-1, max-image-preview:large, max-video-preview:-1\" \/>\n<link rel=\"canonical\" href=\"https:\/\/physiguide.com\/index.php\/homepage\/accueil\/\" \/>\n<meta property=\"og:locale\" content=\"fr_FR\" \/>\n<meta property=\"og:type\" content=\"article\" \/>\n<meta property=\"og:title\" content=\"Accueil - Physiguide\" \/>\n<meta property=\"og:description\" content=\"Il n\u2019y a pas d\u2019extrait, car cette publication est prot\u00e9g\u00e9e.\" \/>\n<meta property=\"og:url\" content=\"https:\/\/physiguide.com\/index.php\/homepage\/accueil\/\" \/>\n<meta property=\"og:site_name\" content=\"Physiguide\" \/>\n<meta property=\"article:modified_time\" content=\"2025-12-30T11:36:49+00:00\" \/>\n<meta name=\"twitter:card\" content=\"summary_large_image\" \/>\n<meta name=\"twitter:label1\" content=\"Dur\u00e9e de lecture estim\u00e9e\" \/>\n\t<meta name=\"twitter:data1\" content=\"1 minute\" \/>\n<script type=\"application\/ld+json\" class=\"yoast-schema-graph\">{\"@context\":\"https:\/\/schema.org\",\"@graph\":[{\"@type\":\"WebPage\",\"@id\":\"https:\/\/physiguide.com\/index.php\/homepage\/accueil\/\",\"url\":\"https:\/\/physiguide.com\/index.php\/homepage\/accueil\/\",\"name\":\"Accueil - Physiguide\",\"isPartOf\":{\"@id\":\"https:\/\/physiguide.com\/#website\"},\"datePublished\":\"2020-09-01T17:30:05+00:00\",\"dateModified\":\"2025-12-30T11:36:49+00:00\",\"breadcrumb\":{\"@id\":\"https:\/\/physiguide.com\/index.php\/homepage\/accueil\/#breadcrumb\"},\"inLanguage\":\"fr-FR\"},{\"@type\":\"WebSite\",\"@id\":\"https:\/\/physiguide.com\/#website\",\"url\":\"https:\/\/physiguide.com\/\",\"name\":\"Physiguide\",\"description\":\"Ma s\u00e9ance de cin\u00e9ma \u00e0 domicile\",\"potentialAction\":[{\"@type\":\"SearchAction\",\"target\":{\"@type\":\"EntryPoint\",\"urlTemplate\":\"https:\/\/physiguide.com\/?s={search_term_string}\"},\"query-input\":\"required name=search_term_string\"}],\"inLanguage\":\"fr-FR\"}]}<\/script>\n<!-- \/ Yoast SEO plugin. -->","yoast_head_json":{"title":"Accueil - Physiguide","robots":{"index":"index","follow":"follow","max-snippet":"max-snippet:-1","max-image-preview":"max-image-preview:large","max-video-preview":"max-video-preview:-1"},"canonical":"https:\/\/physiguide.com\/index.php\/homepage\/accueil\/","og_locale":"fr_FR","og_type":"article","og_title":"Accueil - Physiguide","og_description":"Il n\u2019y a pas d\u2019extrait, car cette publication est prot\u00e9g\u00e9e.","og_url":"https:\/\/physiguide.com\/index.php\/homepage\/accueil\/","og_site_name":"Physiguide","article_modified_time":"2025-12-30T11:36:49+00:00","twitter_card":"summary_large_image","twitter_misc":{"Dur\u00e9e de lecture estim\u00e9e":"1 minute"},"schema":{"@context":"https:\/\/schema.org","@graph":[{"@type":"WebPage","@id":"https:\/\/physiguide.com\/index.php\/homepage\/accueil\/","url":"https:\/\/physiguide.com\/index.php\/homepage\/accueil\/","name":"Accueil - Physiguide","isPartOf":{"@id":"https:\/\/physiguide.com\/#website"},"datePublished":"2020-09-01T17:30:05+00:00","dateModified":"2025-12-30T11:36:49+00:00","breadcrumb":{"@id":"https:\/\/physiguide.com\/index.php\/homepage\/accueil\/#breadcrumb"},"inLanguage":"fr-FR"},{"@type":"WebSite","@id":"https:\/\/physiguide.com\/#website","url":"https:\/\/physiguide.com\/","name":"Physiguide","description":"Ma s\u00e9ance de cin\u00e9ma \u00e0 domicile","potentialAction":[{"@type":"SearchAction","target":{"@type":"EntryPoint","urlTemplate":"https:\/\/physiguide.com\/?s={search_term_string}"},"query-input":"required name=search_term_string"}],"inLanguage":"fr-FR"}]}},"_links":{"self":[{"href":"https:\/\/physiguide.com\/index.php\/wp-json\/wp\/v2\/pages\/255","targetHints":{"allow":["GET"]}}],"collection":[{"href":"https:\/\/physiguide.com\/index.php\/wp-json\/wp\/v2\/pages"}],"about":[{"href":"https:\/\/physiguide.com\/index.php\/wp-json\/wp\/v2\/types\/page"}],"author":[{"embeddable":true,"href":"https:\/\/physiguide.com\/index.php\/wp-json\/wp\/v2\/users\/2"}],"replies":[{"embeddable":true,"href":"https:\/\/physiguide.com\/index.php\/wp-json\/wp\/v2\/comments?post=255"}],"version-history":[{"count":35,"href":"https:\/\/physiguide.com\/index.php\/wp-json\/wp\/v2\/pages\/255\/revisions"}],"predecessor-version":[{"id":2895,"href":"https:\/\/physiguide.com\/index.php\/wp-json\/wp\/v2\/pages\/255\/revisions\/2895"}],"up":[{"embeddable":true,"href":"https:\/\/physiguide.com\/index.php\/wp-json\/wp\/v2\/pages\/699"}],"wp:attachment":[{"href":"https:\/\/physiguide.com\/index.php\/wp-json\/wp\/v2\/media?parent=255"}],"curies":[{"name":"wp","href":"https:\/\/api.w.org\/{rel}","templated":true}]}}